{"id":1336,"date":"2024-03-04T21:15:00","date_gmt":"2024-03-04T21:15:00","guid":{"rendered":"https:\/\/new.chainmyne.com\/?page_id=1336"},"modified":"2024-08-01T17:53:49","modified_gmt":"2024-08-01T17:53:49","slug":"quebec","status":"publish","type":"page","link":"https:\/\/chainmyne.com\/es\/about-us\/quebec\/","title":{"rendered":"Aviso importante: Quebec"},"content":{"rendered":"<div class=\"fusion-fullwidth fullwidth-box fusion-builder-row-1 fusion-flex-container has-pattern-background has-mask-background nonhundred-percent-fullwidth non-hundred-percent-height-scrolling\" style=\"--awb-border-radius-top-left:0px;--awb-border-radius-top-right:0px;--awb-border-radius-bottom-right:0px;--awb-border-radius-bottom-left:0px;--awb-flex-wrap:wrap;\" ><div class=\"fusion-builder-row fusion-row fusion-flex-align-items-flex-start fusion-flex-content-wrap\" style=\"max-width:1206.4px;margin-left: calc(-4% \/ 2 );margin-right: calc(-4% \/ 2 );\"><div class=\"fusion-layout-column fusion_builder_column fusion-builder-column-0 fusion_builder_column_1_1 1_1 fusion-flex-column\" style=\"--awb-bg-size:cover;--awb-width-large:100%;--awb-margin-top-large:25px;--awb-spacing-right-large:1.92%;--awb-margin-bottom-large:25px;--awb-spacing-left-large:1.92%;--awb-width-medium:100%;--awb-order-medium:0;--awb-spacing-right-medium:1.92%;--awb-spacing-left-medium:1.92%;--awb-width-small:100%;--awb-order-small:0;--awb-spacing-right-small:1.92%;--awb-spacing-left-small:1.92%;\"><div class=\"fusion-column-wrapper fusion-column-has-shadow fusion-flex-justify-content-flex-start fusion-content-layout-column\"><div class=\"fusion-alert alert custom alert-custom fusion-alert-center fusion-alert-capitalize awb-alert-native-link-color alert-shadow\" style=\"--awb-background-color:#ffffff;--awb-accent-color:#808080;--awb-border-size:1px;--awb-border-top-left-radius:0px;--awb-border-top-right-radius:0px;--awb-border-bottom-left-radius:0px;--awb-border-bottom-right-radius:0px;\" role=\"alert\"><div class=\"fusion-alert-content-wrapper\"><span class=\"alert-icon\"><i class=\"fa-exclamation fas\" aria-hidden=\"true\"><\/i><\/span><span class=\"fusion-alert-content\"><p>Parece que est\u00e1 accediendo a nuestro sitio web desde <strong>Quebec<\/strong>, Canad\u00e1.<\/p>\n<p>Tenga en cuenta que los servicios de Chainmyne son<strong> no disponible<\/strong> a<strong> Quebec<\/strong> residentes.<\/p>\n<p>Le pedimos disculpas por las molestias que esto pueda ocasionarle.<\/p><\/span><\/div><\/div><\/div><\/div><\/div><\/div>","protected":false},"excerpt":{"rendered":"","protected":false},"author":2,"featured_media":0,"parent":1282,"menu_order":0,"comment_status":"closed","ping_status":"closed","template":"100-width.php","meta":{"om_disable_all_campaigns":false,"inline_featured_image":false,"footnotes":""},"class_list":["post-1336","page","type-page","status-publish","hentry"],"yoast_head":"<!-- This site is optimized with the Yoast SEO Premium plugin v25.9 (Yoast SEO v25.9) - https:\/\/yoast.com\/wordpress\/plugins\/seo\/ -->\n<title>Secure Crypto Trading Platform: Why Choose ChainMyne?<\/title>\n<meta name=\"description\" content=\"Discover the advantages of our secure crypto trading platform: easy to use app, personalized solutions, and industry-leading compliance.\" \/>\n<meta name=\"robots\" content=\"index, follow, max-snippet:-1, max-image-preview:large, max-video-preview:-1\" \/>\n<link rel=\"canonical\" href=\"https:\/\/chainmyne.com\/es\/about-us\/quebec\/\" \/>\n<meta property=\"og:locale\" content=\"es_ES\" \/>\n<meta property=\"og:type\" content=\"article\" \/>\n<meta property=\"og:title\" content=\"Important Notice: Quebec\" \/>\n<meta property=\"og:description\" content=\"Discover the advantages of our secure crypto trading platform: easy to use app, personalized solutions, and industry-leading compliance.\" \/>\n<meta property=\"og:url\" content=\"https:\/\/chainmyne.com\/es\/about-us\/quebec\/\" \/>\n<meta property=\"og:site_name\" content=\"Crypto Trading App &amp; OTC Desk | ChainMyne\" \/>\n<meta property=\"article:modified_time\" content=\"2024-08-01T17:53:49+00:00\" \/>\n<meta name=\"twitter:card\" content=\"summary_large_image\" \/>\n<meta name=\"twitter:label1\" content=\"Tiempo de lectura\" \/>\n\t<meta name=\"twitter:data1\" content=\"1 minuto\" \/>\n<script type=\"application\/ld+json\" class=\"yoast-schema-graph\">{\"@context\":\"https:\/\/schema.org\",\"@graph\":[{\"@type\":\"WebPage\",\"@id\":\"https:\/\/chainmyne.com\/es\/about-us\/quebec\/\",\"url\":\"https:\/\/chainmyne.com\/es\/about-us\/quebec\/\",\"name\":\"Secure Crypto Trading Platform: Why Choose ChainMyne?\",\"isPartOf\":{\"@id\":\"https:\/\/chainmyne.com\/#website\"},\"datePublished\":\"2024-03-04T21:15:00+00:00\",\"dateModified\":\"2024-08-01T17:53:49+00:00\",\"description\":\"Discover the advantages of our secure crypto trading platform: easy to use app, personalized solutions, and industry-leading compliance.\",\"breadcrumb\":{\"@id\":\"https:\/\/chainmyne.com\/es\/about-us\/quebec\/#breadcrumb\"},\"inLanguage\":\"es\",\"potentialAction\":[{\"@type\":\"ReadAction\",\"target\":[\"https:\/\/chainmyne.com\/es\/about-us\/quebec\/\"]}]},{\"@type\":\"BreadcrumbList\",\"@id\":\"https:\/\/chainmyne.com\/es\/about-us\/quebec\/#breadcrumb\",\"itemListElement\":[{\"@type\":\"ListItem\",\"position\":1,\"name\":\"Home\",\"item\":\"https:\/\/chainmyne.com\/\"},{\"@type\":\"ListItem\",\"position\":2,\"name\":\"About Us\",\"item\":\"https:\/\/chainmyne.com\/es\/about-us\/\"},{\"@type\":\"ListItem\",\"position\":3,\"name\":\"Important Notice: Quebec\"}]},{\"@type\":\"WebSite\",\"@id\":\"https:\/\/chainmyne.com\/#website\",\"url\":\"https:\/\/chainmyne.com\/\",\"name\":\"ChainMyne\",\"description\":\"Buy, Sell, &amp; Manage Popular Cryptocurrencies\",\"publisher\":{\"@id\":\"https:\/\/chainmyne.com\/#organization\"},\"potentialAction\":[{\"@type\":\"SearchAction\",\"target\":{\"@type\":\"EntryPoint\",\"urlTemplate\":\"https:\/\/chainmyne.com\/?s={search_term_string}\"},\"query-input\":{\"@type\":\"PropertyValueSpecification\",\"valueRequired\":true,\"valueName\":\"search_term_string\"}}],\"inLanguage\":\"es\"},{\"@type\":\"Organization\",\"@id\":\"https:\/\/chainmyne.com\/#organization\",\"name\":\"ChainMyne\",\"url\":\"https:\/\/chainmyne.com\/\",\"logo\":{\"@type\":\"ImageObject\",\"inLanguage\":\"es\",\"@id\":\"https:\/\/chainmyne.com\/#\/schema\/logo\/image\/\",\"url\":\"https:\/\/new.chainmyne.com\/wp-content\/uploads\/2024\/02\/Logo-Website-Try-V2-Color.svg\",\"contentUrl\":\"https:\/\/new.chainmyne.com\/wp-content\/uploads\/2024\/02\/Logo-Website-Try-V2-Color.svg\",\"width\":\"1024\",\"height\":\"1024\",\"caption\":\"ChainMyne\"},\"image\":{\"@id\":\"https:\/\/chainmyne.com\/#\/schema\/logo\/image\/\"},\"sameAs\":[\"https:\/\/www.instagram.com\/chainmyne\"]}]}<\/script>\n<!-- \/ Yoast SEO Premium plugin. -->","yoast_head_json":{"title":"Plataforma segura de comercio de criptomonedas: \u00bfPor qu\u00e9 elegir ChainMyne?","description":"Descubra las ventajas de nuestra plataforma segura de negociaci\u00f3n de criptomonedas: aplicaci\u00f3n f\u00e1cil de usar, soluciones personalizadas y cumplimiento de la normativa l\u00edder en el sector.","robots":{"index":"index","follow":"follow","max-snippet":"max-snippet:-1","max-image-preview":"max-image-preview:large","max-video-preview":"max-video-preview:-1"},"canonical":"https:\/\/chainmyne.com\/es\/about-us\/quebec\/","og_locale":"es_ES","og_type":"article","og_title":"Important Notice: Quebec","og_description":"Discover the advantages of our secure crypto trading platform: easy to use app, personalized solutions, and industry-leading compliance.","og_url":"https:\/\/chainmyne.com\/es\/about-us\/quebec\/","og_site_name":"Crypto Trading App &amp; OTC Desk | ChainMyne","article_modified_time":"2024-08-01T17:53:49+00:00","twitter_card":"summary_large_image","twitter_misc":{"Tiempo de lectura":"1 minuto"},"schema":{"@context":"https:\/\/schema.org","@graph":[{"@type":"WebPage","@id":"https:\/\/chainmyne.com\/es\/about-us\/quebec\/","url":"https:\/\/chainmyne.com\/es\/about-us\/quebec\/","name":"Plataforma segura de comercio de criptomonedas: \u00bfPor qu\u00e9 elegir ChainMyne?","isPartOf":{"@id":"https:\/\/chainmyne.com\/#website"},"datePublished":"2024-03-04T21:15:00+00:00","dateModified":"2024-08-01T17:53:49+00:00","description":"Descubra las ventajas de nuestra plataforma segura de negociaci\u00f3n de criptomonedas: aplicaci\u00f3n f\u00e1cil de usar, soluciones personalizadas y cumplimiento de la normativa l\u00edder en el sector.","breadcrumb":{"@id":"https:\/\/chainmyne.com\/es\/about-us\/quebec\/#breadcrumb"},"inLanguage":"es","potentialAction":[{"@type":"ReadAction","target":["https:\/\/chainmyne.com\/es\/about-us\/quebec\/"]}]},{"@type":"BreadcrumbList","@id":"https:\/\/chainmyne.com\/es\/about-us\/quebec\/#breadcrumb","itemListElement":[{"@type":"ListItem","position":1,"name":"Home","item":"https:\/\/chainmyne.com\/"},{"@type":"ListItem","position":2,"name":"About Us","item":"https:\/\/chainmyne.com\/es\/about-us\/"},{"@type":"ListItem","position":3,"name":"Important Notice: Quebec"}]},{"@type":"WebSite","@id":"https:\/\/chainmyne.com\/#website","url":"https:\/\/chainmyne.com\/","name":"ChainMyne","description":"Compre, venda y gestione las criptomonedas m\u00e1s populares","publisher":{"@id":"https:\/\/chainmyne.com\/#organization"},"potentialAction":[{"@type":"SearchAction","target":{"@type":"EntryPoint","urlTemplate":"https:\/\/chainmyne.com\/?s={search_term_string}"},"query-input":{"@type":"PropertyValueSpecification","valueRequired":true,"valueName":"search_term_string"}}],"inLanguage":"es"},{"@type":"Organization","@id":"https:\/\/chainmyne.com\/#organization","name":"ChainMyne","url":"https:\/\/chainmyne.com\/","logo":{"@type":"ImageObject","inLanguage":"es","@id":"https:\/\/chainmyne.com\/#\/schema\/logo\/image\/","url":"https:\/\/new.chainmyne.com\/wp-content\/uploads\/2024\/02\/Logo-Website-Try-V2-Color.svg","contentUrl":"https:\/\/new.chainmyne.com\/wp-content\/uploads\/2024\/02\/Logo-Website-Try-V2-Color.svg","width":"1024","height":"1024","caption":"ChainMyne"},"image":{"@id":"https:\/\/chainmyne.com\/#\/schema\/logo\/image\/"},"sameAs":["https:\/\/www.instagram.com\/chainmyne"]}]}},"_links":{"self":[{"href":"https:\/\/chainmyne.com\/es\/wp-json\/wp\/v2\/pages\/1336","targetHints":{"allow":["GET"]}}],"collection":[{"href":"https:\/\/chainmyne.com\/es\/wp-json\/wp\/v2\/pages"}],"about":[{"href":"https:\/\/chainmyne.com\/es\/wp-json\/wp\/v2\/types\/page"}],"author":[{"embeddable":true,"href":"https:\/\/chainmyne.com\/es\/wp-json\/wp\/v2\/users\/2"}],"replies":[{"embeddable":true,"href":"https:\/\/chainmyne.com\/es\/wp-json\/wp\/v2\/comments?post=1336"}],"version-history":[{"count":9,"href":"https:\/\/chainmyne.com\/es\/wp-json\/wp\/v2\/pages\/1336\/revisions"}],"predecessor-version":[{"id":2320,"href":"https:\/\/chainmyne.com\/es\/wp-json\/wp\/v2\/pages\/1336\/revisions\/2320"}],"up":[{"embeddable":true,"href":"https:\/\/chainmyne.com\/es\/wp-json\/wp\/v2\/pages\/1282"}],"wp:attachment":[{"href":"https:\/\/chainmyne.com\/es\/wp-json\/wp\/v2\/media?parent=1336"}],"curies":[{"name":"wp","href":"https:\/\/api.w.org\/{rel}","templated":true}]}}