{"id":2322,"date":"2024-08-15T18:47:28","date_gmt":"2024-08-15T18:47:28","guid":{"rendered":"https:\/\/chainmyne.com\/?page_id=2322"},"modified":"2024-08-23T15:01:22","modified_gmt":"2024-08-23T15:01:22","slug":"d54e23ab57","status":"publish","type":"page","link":"https:\/\/chainmyne.com\/es\/d54e23ab57\/","title":{"rendered":"FAQ ALT5"},"content":{"rendered":"<div class=\"fusion-fullwidth fullwidth-box fusion-builder-row-1 fusion-flex-container has-pattern-background has-mask-background nonhundred-percent-fullwidth non-hundred-percent-height-scrolling\" style=\"--awb-border-radius-top-left:0px;--awb-border-radius-top-right:0px;--awb-border-radius-bottom-right:0px;--awb-border-radius-bottom-left:0px;--awb-flex-wrap:wrap;\" ><div class=\"fusion-builder-row fusion-row fusion-flex-align-items-flex-start fusion-flex-content-wrap\" style=\"max-width:1206.4px;margin-left: calc(-4% \/ 2 );margin-right: calc(-4% \/ 2 );\"><div class=\"fusion-layout-column fusion_builder_column fusion-builder-column-0 fusion_builder_column_1_1 1_1 fusion-flex-column\" style=\"--awb-bg-size:cover;--awb-width-large:100%;--awb-margin-top-large:25px;--awb-spacing-right-large:1.92%;--awb-margin-bottom-large:25px;--awb-spacing-left-large:1.92%;--awb-width-medium:100%;--awb-order-medium:0;--awb-spacing-right-medium:1.92%;--awb-spacing-left-medium:1.92%;--awb-width-small:100%;--awb-order-small:0;--awb-spacing-right-small:1.92%;--awb-spacing-left-small:1.92%;\"><div class=\"fusion-column-wrapper fusion-column-has-shadow fusion-flex-justify-content-flex-start fusion-content-layout-column\"><div class=\"fusion-text fusion-text-1\"><p><b>P: \u00bfPodr\u00e9 seguir accediendo a mis fondos despu\u00e9s del 31 de agosto?<\/b><\/p>\n<p>R: S\u00ed. Podr\u00e1 seguir accediendo a sus fondos en la plataforma Alt5 Sigma incluso despu\u00e9s del 31 de agosto de 2024.<\/p>\n<\/p>\n<p><b>P: He olvidado c\u00f3mo conectarme, \u00bfqu\u00e9 debo hacer ahora? <\/b><\/p>\n<p>R: S\u00f3lo tiene que ponerse en contacto con el servicio de atenci\u00f3n al cliente de ALT5 Sigma para recuperar el acceso a su cuenta directamente en chainmyne@alt5sigma.com. Le proporcionar\u00e1n toda la asistencia necesaria para acceder a sus fondos.<\/p>\n<\/p>\n<p><b>P: \u00bfC\u00f3mo puedo retirar mis fondos a una cuenta bancaria?<\/b><\/p>\n<p>R: Debe ponerse en contacto directamente con ALT5 Sigma en chainmyne@alt5sigma.com. Ellos le proporcionar\u00e1n toda la asistencia necesaria para retirar sus fondos. Tenga en cuenta que existen comisiones asociadas a la retirada de sus fondos.<\/p>\n<\/p>\n<p><b>P: \u00bfC\u00f3mo puedo trasladar mis fondos a un monedero externo?<\/b><\/p>\n<p>R: Puede consultar lo siguiente<a href=\"https:\/\/chainmyne.com\/wp-content\/uploads\/2024\/08\/ChainMyne-How-to-Use-a-Software-Wallet.pdf\"> manual<\/a> en el que le explicamos paso a paso c\u00f3mo realizar el procedimiento o, si lo prefiere, puede ponerse en contacto con nosotros por correo electr\u00f3nico (support@chainmyne.com) o por tel\u00e9fono (+1 833 883 3948, de lunes a viernes: de 9:00 a 17:00 horas EST).<\/p>\n<\/div><\/div><\/div><\/div><\/div>","protected":false},"excerpt":{"rendered":"","protected":false},"author":2,"featured_media":0,"parent":0,"menu_order":0,"comment_status":"closed","ping_status":"closed","template":"blank.php","meta":{"om_disable_all_campaigns":false,"inline_featured_image":false,"footnotes":""},"class_list":["post-2322","page","type-page","status-publish","hentry"],"yoast_head":"<!-- This site is optimized with the Yoast SEO Premium plugin v25.9 (Yoast SEO v25.9) - https:\/\/yoast.com\/wordpress\/plugins\/seo\/ -->\n<title>FAQ ALT5 - Crypto Trading App &amp; OTC Desk | ChainMyne<\/title>\n<meta name=\"robots\" content=\"index, follow, max-snippet:-1, max-image-preview:large, max-video-preview:-1\" \/>\n<link rel=\"canonical\" href=\"https:\/\/chainmyne.com\/es\/d54e23ab57\/\" \/>\n<meta property=\"og:locale\" content=\"es_ES\" \/>\n<meta property=\"og:type\" content=\"article\" \/>\n<meta property=\"og:title\" content=\"FAQ ALT5\" \/>\n<meta property=\"og:url\" content=\"https:\/\/chainmyne.com\/es\/d54e23ab57\/\" \/>\n<meta property=\"og:site_name\" content=\"Crypto Trading App &amp; OTC Desk | ChainMyne\" \/>\n<meta property=\"article:modified_time\" content=\"2024-08-23T15:01:22+00:00\" \/>\n<meta name=\"twitter:card\" content=\"summary_large_image\" \/>\n<meta name=\"twitter:label1\" content=\"Tiempo de lectura\" \/>\n\t<meta name=\"twitter:data1\" content=\"8 minutos\" \/>\n<script type=\"application\/ld+json\" class=\"yoast-schema-graph\">{\"@context\":\"https:\/\/schema.org\",\"@graph\":[{\"@type\":\"WebPage\",\"@id\":\"https:\/\/chainmyne.com\/es\/d54e23ab57\/\",\"url\":\"https:\/\/chainmyne.com\/es\/d54e23ab57\/\",\"name\":\"FAQ ALT5 - Crypto Trading App &amp; OTC Desk | ChainMyne\",\"isPartOf\":{\"@id\":\"https:\/\/chainmyne.com\/#website\"},\"datePublished\":\"2024-08-15T18:47:28+00:00\",\"dateModified\":\"2024-08-23T15:01:22+00:00\",\"breadcrumb\":{\"@id\":\"https:\/\/chainmyne.com\/es\/d54e23ab57\/#breadcrumb\"},\"inLanguage\":\"es\",\"potentialAction\":[{\"@type\":\"ReadAction\",\"target\":[\"https:\/\/chainmyne.com\/es\/d54e23ab57\/\"]}]},{\"@type\":\"BreadcrumbList\",\"@id\":\"https:\/\/chainmyne.com\/es\/d54e23ab57\/#breadcrumb\",\"itemListElement\":[{\"@type\":\"ListItem\",\"position\":1,\"name\":\"Home\",\"item\":\"https:\/\/chainmyne.com\/\"},{\"@type\":\"ListItem\",\"position\":2,\"name\":\"FAQ ALT5\"}]},{\"@type\":\"WebSite\",\"@id\":\"https:\/\/chainmyne.com\/#website\",\"url\":\"https:\/\/chainmyne.com\/\",\"name\":\"ChainMyne\",\"description\":\"Buy, Sell, &amp; Manage Popular Cryptocurrencies\",\"publisher\":{\"@id\":\"https:\/\/chainmyne.com\/#organization\"},\"potentialAction\":[{\"@type\":\"SearchAction\",\"target\":{\"@type\":\"EntryPoint\",\"urlTemplate\":\"https:\/\/chainmyne.com\/?s={search_term_string}\"},\"query-input\":{\"@type\":\"PropertyValueSpecification\",\"valueRequired\":true,\"valueName\":\"search_term_string\"}}],\"inLanguage\":\"es\"},{\"@type\":\"Organization\",\"@id\":\"https:\/\/chainmyne.com\/#organization\",\"name\":\"ChainMyne\",\"url\":\"https:\/\/chainmyne.com\/\",\"logo\":{\"@type\":\"ImageObject\",\"inLanguage\":\"es\",\"@id\":\"https:\/\/chainmyne.com\/#\/schema\/logo\/image\/\",\"url\":\"https:\/\/new.chainmyne.com\/wp-content\/uploads\/2024\/02\/Logo-Website-Try-V2-Color.svg\",\"contentUrl\":\"https:\/\/new.chainmyne.com\/wp-content\/uploads\/2024\/02\/Logo-Website-Try-V2-Color.svg\",\"width\":\"1024\",\"height\":\"1024\",\"caption\":\"ChainMyne\"},\"image\":{\"@id\":\"https:\/\/chainmyne.com\/#\/schema\/logo\/image\/\"},\"sameAs\":[\"https:\/\/www.instagram.com\/chainmyne\"]}]}<\/script>\n<!-- \/ Yoast SEO Premium plugin. -->","yoast_head_json":{"title":"FAQ ALT5 - Crypto Trading App &amp; OTC Desk | ChainMyne","robots":{"index":"index","follow":"follow","max-snippet":"max-snippet:-1","max-image-preview":"max-image-preview:large","max-video-preview":"max-video-preview:-1"},"canonical":"https:\/\/chainmyne.com\/es\/d54e23ab57\/","og_locale":"es_ES","og_type":"article","og_title":"FAQ ALT5","og_url":"https:\/\/chainmyne.com\/es\/d54e23ab57\/","og_site_name":"Crypto Trading App &amp; OTC Desk | ChainMyne","article_modified_time":"2024-08-23T15:01:22+00:00","twitter_card":"summary_large_image","twitter_misc":{"Tiempo de lectura":"8 minutos"},"schema":{"@context":"https:\/\/schema.org","@graph":[{"@type":"WebPage","@id":"https:\/\/chainmyne.com\/es\/d54e23ab57\/","url":"https:\/\/chainmyne.com\/es\/d54e23ab57\/","name":"FAQ ALT5 - Crypto Trading App &amp; OTC Desk | ChainMyne","isPartOf":{"@id":"https:\/\/chainmyne.com\/#website"},"datePublished":"2024-08-15T18:47:28+00:00","dateModified":"2024-08-23T15:01:22+00:00","breadcrumb":{"@id":"https:\/\/chainmyne.com\/es\/d54e23ab57\/#breadcrumb"},"inLanguage":"es","potentialAction":[{"@type":"ReadAction","target":["https:\/\/chainmyne.com\/es\/d54e23ab57\/"]}]},{"@type":"BreadcrumbList","@id":"https:\/\/chainmyne.com\/es\/d54e23ab57\/#breadcrumb","itemListElement":[{"@type":"ListItem","position":1,"name":"Home","item":"https:\/\/chainmyne.com\/"},{"@type":"ListItem","position":2,"name":"FAQ ALT5"}]},{"@type":"WebSite","@id":"https:\/\/chainmyne.com\/#website","url":"https:\/\/chainmyne.com\/","name":"ChainMyne","description":"Compre, venda y gestione las criptomonedas m\u00e1s populares","publisher":{"@id":"https:\/\/chainmyne.com\/#organization"},"potentialAction":[{"@type":"SearchAction","target":{"@type":"EntryPoint","urlTemplate":"https:\/\/chainmyne.com\/?s={search_term_string}"},"query-input":{"@type":"PropertyValueSpecification","valueRequired":true,"valueName":"search_term_string"}}],"inLanguage":"es"},{"@type":"Organization","@id":"https:\/\/chainmyne.com\/#organization","name":"ChainMyne","url":"https:\/\/chainmyne.com\/","logo":{"@type":"ImageObject","inLanguage":"es","@id":"https:\/\/chainmyne.com\/#\/schema\/logo\/image\/","url":"https:\/\/new.chainmyne.com\/wp-content\/uploads\/2024\/02\/Logo-Website-Try-V2-Color.svg","contentUrl":"https:\/\/new.chainmyne.com\/wp-content\/uploads\/2024\/02\/Logo-Website-Try-V2-Color.svg","width":"1024","height":"1024","caption":"ChainMyne"},"image":{"@id":"https:\/\/chainmyne.com\/#\/schema\/logo\/image\/"},"sameAs":["https:\/\/www.instagram.com\/chainmyne"]}]}},"_links":{"self":[{"href":"https:\/\/chainmyne.com\/es\/wp-json\/wp\/v2\/pages\/2322","targetHints":{"allow":["GET"]}}],"collection":[{"href":"https:\/\/chainmyne.com\/es\/wp-json\/wp\/v2\/pages"}],"about":[{"href":"https:\/\/chainmyne.com\/es\/wp-json\/wp\/v2\/types\/page"}],"author":[{"embeddable":true,"href":"https:\/\/chainmyne.com\/es\/wp-json\/wp\/v2\/users\/2"}],"replies":[{"embeddable":true,"href":"https:\/\/chainmyne.com\/es\/wp-json\/wp\/v2\/comments?post=2322"}],"version-history":[{"count":7,"href":"https:\/\/chainmyne.com\/es\/wp-json\/wp\/v2\/pages\/2322\/revisions"}],"predecessor-version":[{"id":2331,"href":"https:\/\/chainmyne.com\/es\/wp-json\/wp\/v2\/pages\/2322\/revisions\/2331"}],"wp:attachment":[{"href":"https:\/\/chainmyne.com\/es\/wp-json\/wp\/v2\/media?parent=2322"}],"curies":[{"name":"wp","href":"https:\/\/api.w.org\/{rel}","templated":true}]}}