{"id":2392,"date":"2024-12-19T22:35:46","date_gmt":"2024-12-19T22:35:46","guid":{"rendered":"https:\/\/chainmyne.com\/?page_id=2392"},"modified":"2024-12-20T22:02:02","modified_gmt":"2024-12-20T22:02:02","slug":"holiday-hours","status":"publish","type":"page","link":"https:\/\/chainmyne.com\/es\/holiday-hours\/","title":{"rendered":"Horario de vacaciones"},"content":{"rendered":"<p>Estimados clientes,<\/p>\n<p>Nos gustar\u00eda informarle de nuestro pr\u00f3ximo calendario de vacaciones:<\/p>\n<p>Nuestras oficinas permanecer\u00e1n cerradas en las fechas siguientes:<\/p>\n<ul>\n<li><strong>26 y 27 de diciembre de 2024<\/strong><\/li>\n<li><strong>1 y 2 de enero de 2025<\/strong><\/li>\n<\/ul>\n<p>Operaremos con horario reducido el:<\/p>\n<ul>\n<li><strong>24 de diciembre de 2024 (cierre a las 13 horas)<\/strong><\/li>\n<li><strong>31 de diciembre de 2024 (cierre a las 13 horas)<\/strong><\/li>\n<\/ul>\n<p>Reanudaremos el horario comercial habitual el 28 de diciembre de 2024 y el 3 de enero de 2025, respectivamente.<\/p>\n<p>Tenga en cuenta que nuestra oficina permanecer\u00e1 cerrada los fines de semana. El horario comercial habitual se reanudar\u00e1 el 30 de diciembre de 2024 y el 6 de enero de 2025.<\/p>\n<p>Durante el periodo de vacaciones, nuestro equipo especializado seguir\u00e1 estando disponible para atender asuntos urgentes. Puede ponerse en contacto con nosotros en\u00a0<a href=\"mailto:info@chainmyne.com\" target=\"_blank\" rel=\"noopener\">info@chainmyne.com<\/a>.  Le responderemos lo antes posible.<\/p>\n<p>Gracias por seguir confiando en ChainMyne.<\/p>\n<p>Atentamente,<\/p>\n<p>El equipo ChainMyne<\/p>\n<p><img decoding=\"async\" class=\"lazyload  wp-image-2393\" src=\"https:\/\/chainmyne.com\/wp-content\/uploads\/2024\/12\/AdobeStock_1105886807-1-300x171.jpeg\" data-orig-src=\"https:\/\/chainmyne.com\/wp-content\/uploads\/2024\/12\/AdobeStock_1105886807-1-300x171.jpeg\" alt=\"\" width=\"502\" height=\"286\" srcset=\"data:image\/svg+xml,%3Csvg%20xmlns%3D%27http%3A%2F%2Fwww.w3.org%2F2000%2Fsvg%27%20width%3D%27502%27%20height%3D%27286%27%20viewBox%3D%270%200%20502%20286%27%3E%3Crect%20width%3D%27502%27%20height%3D%27286%27%20fill-opacity%3D%220%22%2F%3E%3C%2Fsvg%3E\" data-srcset=\"https:\/\/chainmyne.com\/wp-content\/uploads\/2024\/12\/AdobeStock_1105886807-1-18x10.jpeg 18w, https:\/\/chainmyne.com\/wp-content\/uploads\/2024\/12\/AdobeStock_1105886807-1-200x114.jpeg 200w, https:\/\/chainmyne.com\/wp-content\/uploads\/2024\/12\/AdobeStock_1105886807-1-300x171.jpeg 300w, https:\/\/chainmyne.com\/wp-content\/uploads\/2024\/12\/AdobeStock_1105886807-1-400x229.jpeg 400w, https:\/\/chainmyne.com\/wp-content\/uploads\/2024\/12\/AdobeStock_1105886807-1-600x343.jpeg 600w, https:\/\/chainmyne.com\/wp-content\/uploads\/2024\/12\/AdobeStock_1105886807-1-768x439.jpeg 768w, https:\/\/chainmyne.com\/wp-content\/uploads\/2024\/12\/AdobeStock_1105886807-1-800x457.jpeg 800w, https:\/\/chainmyne.com\/wp-content\/uploads\/2024\/12\/AdobeStock_1105886807-1-1024x585.jpeg 1024w, https:\/\/chainmyne.com\/wp-content\/uploads\/2024\/12\/AdobeStock_1105886807-1-1200x686.jpeg 1200w, https:\/\/chainmyne.com\/wp-content\/uploads\/2024\/12\/AdobeStock_1105886807-1-1536x878.jpeg 1536w\" data-sizes=\"auto\" data-orig-sizes=\"(max-width: 502px) 100vw, 502px\" \/><\/p>","protected":false},"excerpt":{"rendered":"<p>Estimados clientes, Nos gustar\u00eda informarles de nuestro pr\u00f3ximo calendario de vacaciones: Nuestras oficinas estar\u00e1n<\/p>","protected":false},"author":2,"featured_media":0,"parent":0,"menu_order":0,"comment_status":"closed","ping_status":"closed","template":"","meta":{"om_disable_all_campaigns":false,"inline_featured_image":false,"footnotes":""},"class_list":["post-2392","page","type-page","status-publish","hentry"],"yoast_head":"<!-- This site is optimized with the Yoast SEO Premium plugin v25.9 (Yoast SEO v25.9) - https:\/\/yoast.com\/wordpress\/plugins\/seo\/ -->\n<title>Holiday Hours - Crypto Trading App &amp; OTC Desk | ChainMyne<\/title>\n<meta name=\"description\" content=\"ChainMyne&#039;s holiday hours announced. See our reduced hours for Christmas and New Year&#039;s, and plan your trades accordingly. Stay up-to-date with our schedule.\" \/>\n<meta name=\"robots\" content=\"index, follow, max-snippet:-1, max-image-preview:large, max-video-preview:-1\" \/>\n<link rel=\"canonical\" href=\"https:\/\/chainmyne.com\/es\/holiday-hours\/\" \/>\n<meta property=\"og:locale\" content=\"es_ES\" \/>\n<meta property=\"og:type\" content=\"article\" \/>\n<meta property=\"og:title\" content=\"Holiday Hours\" \/>\n<meta property=\"og:description\" content=\"ChainMyne&#039;s holiday hours announced. See our reduced hours for Christmas and New Year&#039;s, and plan your trades accordingly. Stay up-to-date with our schedule.\" \/>\n<meta property=\"og:url\" content=\"https:\/\/chainmyne.com\/es\/holiday-hours\/\" \/>\n<meta property=\"og:site_name\" content=\"Crypto Trading App &amp; OTC Desk | ChainMyne\" \/>\n<meta property=\"article:modified_time\" content=\"2024-12-20T22:02:02+00:00\" \/>\n<meta property=\"og:image\" content=\"https:\/\/chainmyne.com\/wp-content\/uploads\/2024\/12\/AdobeStock_1105886807-1-300x171.jpeg\" \/>\n<meta name=\"twitter:card\" content=\"summary_large_image\" \/>\n<meta name=\"twitter:label1\" content=\"Tiempo de lectura\" \/>\n\t<meta name=\"twitter:data1\" content=\"1 minuto\" \/>\n<script type=\"application\/ld+json\" class=\"yoast-schema-graph\">{\"@context\":\"https:\/\/schema.org\",\"@graph\":[{\"@type\":\"WebPage\",\"@id\":\"https:\/\/chainmyne.com\/holiday-hours\/\",\"url\":\"https:\/\/chainmyne.com\/holiday-hours\/\",\"name\":\"Holiday Hours - Crypto Trading App &amp; OTC Desk | ChainMyne\",\"isPartOf\":{\"@id\":\"https:\/\/chainmyne.com\/#website\"},\"primaryImageOfPage\":{\"@id\":\"https:\/\/chainmyne.com\/holiday-hours\/#primaryimage\"},\"image\":{\"@id\":\"https:\/\/chainmyne.com\/holiday-hours\/#primaryimage\"},\"thumbnailUrl\":\"https:\/\/chainmyne.com\/wp-content\/uploads\/2024\/12\/AdobeStock_1105886807-1-300x171.jpeg\",\"datePublished\":\"2024-12-19T22:35:46+00:00\",\"dateModified\":\"2024-12-20T22:02:02+00:00\",\"description\":\"ChainMyne's holiday hours announced. See our reduced hours for Christmas and New Year's, and plan your trades accordingly. Stay up-to-date with our schedule.\",\"breadcrumb\":{\"@id\":\"https:\/\/chainmyne.com\/holiday-hours\/#breadcrumb\"},\"inLanguage\":\"es\",\"potentialAction\":[{\"@type\":\"ReadAction\",\"target\":[\"https:\/\/chainmyne.com\/holiday-hours\/\"]}]},{\"@type\":\"ImageObject\",\"inLanguage\":\"es\",\"@id\":\"https:\/\/chainmyne.com\/holiday-hours\/#primaryimage\",\"url\":\"https:\/\/chainmyne.com\/wp-content\/uploads\/2024\/12\/AdobeStock_1105886807-1-300x171.jpeg\",\"contentUrl\":\"https:\/\/chainmyne.com\/wp-content\/uploads\/2024\/12\/AdobeStock_1105886807-1-300x171.jpeg\"},{\"@type\":\"BreadcrumbList\",\"@id\":\"https:\/\/chainmyne.com\/holiday-hours\/#breadcrumb\",\"itemListElement\":[{\"@type\":\"ListItem\",\"position\":1,\"name\":\"Home\",\"item\":\"https:\/\/chainmyne.com\/\"},{\"@type\":\"ListItem\",\"position\":2,\"name\":\"Holiday Hours\"}]},{\"@type\":\"WebSite\",\"@id\":\"https:\/\/chainmyne.com\/#website\",\"url\":\"https:\/\/chainmyne.com\/\",\"name\":\"ChainMyne\",\"description\":\"Buy, Sell, &amp; Manage Popular Cryptocurrencies\",\"publisher\":{\"@id\":\"https:\/\/chainmyne.com\/#organization\"},\"potentialAction\":[{\"@type\":\"SearchAction\",\"target\":{\"@type\":\"EntryPoint\",\"urlTemplate\":\"https:\/\/chainmyne.com\/?s={search_term_string}\"},\"query-input\":{\"@type\":\"PropertyValueSpecification\",\"valueRequired\":true,\"valueName\":\"search_term_string\"}}],\"inLanguage\":\"es\"},{\"@type\":\"Organization\",\"@id\":\"https:\/\/chainmyne.com\/#organization\",\"name\":\"ChainMyne\",\"url\":\"https:\/\/chainmyne.com\/\",\"logo\":{\"@type\":\"ImageObject\",\"inLanguage\":\"es\",\"@id\":\"https:\/\/chainmyne.com\/#\/schema\/logo\/image\/\",\"url\":\"https:\/\/new.chainmyne.com\/wp-content\/uploads\/2024\/02\/Logo-Website-Try-V2-Color.svg\",\"contentUrl\":\"https:\/\/new.chainmyne.com\/wp-content\/uploads\/2024\/02\/Logo-Website-Try-V2-Color.svg\",\"width\":\"1024\",\"height\":\"1024\",\"caption\":\"ChainMyne\"},\"image\":{\"@id\":\"https:\/\/chainmyne.com\/#\/schema\/logo\/image\/\"},\"sameAs\":[\"https:\/\/www.instagram.com\/chainmyne\"]}]}<\/script>\n<!-- \/ Yoast SEO Premium plugin. -->","yoast_head_json":{"title":"Holiday Hours - Crypto Trading App &amp; OTC Desk | ChainMyne","description":"ChainMyne's holiday hours announced. See our reduced hours for Christmas and New Year's, and plan your trades accordingly. Stay up-to-date with our schedule.","robots":{"index":"index","follow":"follow","max-snippet":"max-snippet:-1","max-image-preview":"max-image-preview:large","max-video-preview":"max-video-preview:-1"},"canonical":"https:\/\/chainmyne.com\/es\/holiday-hours\/","og_locale":"es_ES","og_type":"article","og_title":"Holiday Hours","og_description":"ChainMyne's holiday hours announced. See our reduced hours for Christmas and New Year's, and plan your trades accordingly. Stay up-to-date with our schedule.","og_url":"https:\/\/chainmyne.com\/es\/holiday-hours\/","og_site_name":"Crypto Trading App &amp; OTC Desk | ChainMyne","article_modified_time":"2024-12-20T22:02:02+00:00","og_image":[{"url":"https:\/\/chainmyne.com\/wp-content\/uploads\/2024\/12\/AdobeStock_1105886807-1-300x171.jpeg","type":"","width":"","height":""}],"twitter_card":"summary_large_image","twitter_misc":{"Tiempo de lectura":"1 minuto"},"schema":{"@context":"https:\/\/schema.org","@graph":[{"@type":"WebPage","@id":"https:\/\/chainmyne.com\/holiday-hours\/","url":"https:\/\/chainmyne.com\/holiday-hours\/","name":"Holiday Hours - Crypto Trading App &amp; OTC Desk | ChainMyne","isPartOf":{"@id":"https:\/\/chainmyne.com\/#website"},"primaryImageOfPage":{"@id":"https:\/\/chainmyne.com\/holiday-hours\/#primaryimage"},"image":{"@id":"https:\/\/chainmyne.com\/holiday-hours\/#primaryimage"},"thumbnailUrl":"https:\/\/chainmyne.com\/wp-content\/uploads\/2024\/12\/AdobeStock_1105886807-1-300x171.jpeg","datePublished":"2024-12-19T22:35:46+00:00","dateModified":"2024-12-20T22:02:02+00:00","description":"ChainMyne's holiday hours announced. See our reduced hours for Christmas and New Year's, and plan your trades accordingly. Stay up-to-date with our schedule.","breadcrumb":{"@id":"https:\/\/chainmyne.com\/holiday-hours\/#breadcrumb"},"inLanguage":"es","potentialAction":[{"@type":"ReadAction","target":["https:\/\/chainmyne.com\/holiday-hours\/"]}]},{"@type":"ImageObject","inLanguage":"es","@id":"https:\/\/chainmyne.com\/holiday-hours\/#primaryimage","url":"https:\/\/chainmyne.com\/wp-content\/uploads\/2024\/12\/AdobeStock_1105886807-1-300x171.jpeg","contentUrl":"https:\/\/chainmyne.com\/wp-content\/uploads\/2024\/12\/AdobeStock_1105886807-1-300x171.jpeg"},{"@type":"BreadcrumbList","@id":"https:\/\/chainmyne.com\/holiday-hours\/#breadcrumb","itemListElement":[{"@type":"ListItem","position":1,"name":"Home","item":"https:\/\/chainmyne.com\/"},{"@type":"ListItem","position":2,"name":"Holiday Hours"}]},{"@type":"WebSite","@id":"https:\/\/chainmyne.com\/#website","url":"https:\/\/chainmyne.com\/","name":"ChainMyne","description":"Compre, venda y gestione las criptomonedas m\u00e1s populares","publisher":{"@id":"https:\/\/chainmyne.com\/#organization"},"potentialAction":[{"@type":"SearchAction","target":{"@type":"EntryPoint","urlTemplate":"https:\/\/chainmyne.com\/?s={search_term_string}"},"query-input":{"@type":"PropertyValueSpecification","valueRequired":true,"valueName":"search_term_string"}}],"inLanguage":"es"},{"@type":"Organization","@id":"https:\/\/chainmyne.com\/#organization","name":"ChainMyne","url":"https:\/\/chainmyne.com\/","logo":{"@type":"ImageObject","inLanguage":"es","@id":"https:\/\/chainmyne.com\/#\/schema\/logo\/image\/","url":"https:\/\/new.chainmyne.com\/wp-content\/uploads\/2024\/02\/Logo-Website-Try-V2-Color.svg","contentUrl":"https:\/\/new.chainmyne.com\/wp-content\/uploads\/2024\/02\/Logo-Website-Try-V2-Color.svg","width":"1024","height":"1024","caption":"ChainMyne"},"image":{"@id":"https:\/\/chainmyne.com\/#\/schema\/logo\/image\/"},"sameAs":["https:\/\/www.instagram.com\/chainmyne"]}]}},"_links":{"self":[{"href":"https:\/\/chainmyne.com\/es\/wp-json\/wp\/v2\/pages\/2392","targetHints":{"allow":["GET"]}}],"collection":[{"href":"https:\/\/chainmyne.com\/es\/wp-json\/wp\/v2\/pages"}],"about":[{"href":"https:\/\/chainmyne.com\/es\/wp-json\/wp\/v2\/types\/page"}],"author":[{"embeddable":true,"href":"https:\/\/chainmyne.com\/es\/wp-json\/wp\/v2\/users\/2"}],"replies":[{"embeddable":true,"href":"https:\/\/chainmyne.com\/es\/wp-json\/wp\/v2\/comments?post=2392"}],"version-history":[{"count":3,"href":"https:\/\/chainmyne.com\/es\/wp-json\/wp\/v2\/pages\/2392\/revisions"}],"predecessor-version":[{"id":2397,"href":"https:\/\/chainmyne.com\/es\/wp-json\/wp\/v2\/pages\/2392\/revisions\/2397"}],"wp:attachment":[{"href":"https:\/\/chainmyne.com\/es\/wp-json\/wp\/v2\/media?parent=2392"}],"curies":[{"name":"wp","href":"https:\/\/api.w.org\/{rel}","templated":true}]}}